{"id":796,"date":"2025-05-26T11:06:26","date_gmt":"2025-05-26T15:06:26","guid":{"rendered":"http:\/\/cartocool.com\/?page_id=796"},"modified":"2025-06-02T18:39:24","modified_gmt":"2025-06-02T22:39:24","slug":"applications-cartographiques-sur-mesure","status":"publish","type":"page","link":"https:\/\/cartocool.com\/index.php\/applications-cartographiques-sur-mesure\/","title":{"rendered":"Applications cartographiques sur mesure"},"content":{"rendered":"<p><\/p><!DOCTYPE html>\n<html lang=\"fr\">\n<head>\n    <meta charset=\"UTF-8\">\n    <meta name=\"viewport\" content=\"width=device-width, initial-scale=1.0\">\n    <title>Document<\/title>\n    <style>\n        p li {\n            font-size: 30px;\n        }\n        span {\n            font-weight: bold;\n        }\n        #cartoform {\n            background-color: yellow;\n        }\n    <\/style>\n<\/head>\n<body>\n    <!--<h1>Applications cartographiques sur mesure<\/h1>\n<p style=\"font-style: italic; text-align: center; font-size: medium;\">\n    pour la gestion op\u00e9rationnelle g\u00e9ospatiale\n  <\/p>-->\n  \n  <p>\n    Chez <span>CartoCool<\/span>, nous d\u00e9veloppons des applications cartographiques web con\u00e7ues pour soutenir la <span>gestion op\u00e9rationnelle g\u00e9ospatiale<\/span> dans des contextes aussi vari\u00e9s que la planification strat\u00e9gique, la gestion des risques, l\u2019optimisation des cha\u00eenes logistiques, la coordination d\u2019\u00e9quipes mobiles, le pilotage d\u2019op\u00e9rations sur le terrain \u00e0 forte composante tactique, et bien d\u2019autres encore.\n  <\/p>\n  \n  <h2>D\u00e9couvrez notre d\u00e9mo vid\u00e9o<\/h2>\n  <!-- Remplace le lien ci-dessous par ta vraie vid\u00e9o YouTube ou Vimeo -->\n  <iframe loading=\"lazy\" width=\"560\" height=\"315\" src=\"https:\/\/www.youtube.com\/embed\/BtukLEArE8U\" title=\"D\u00e9mo CartoCool\" frameborder=\"0\" rel=\"0\" autoplay=\"0\" allowfullscreen><\/iframe>\n  \n  <h2>Une solution sur mesure, adapt\u00e9e \u00e0 vos besoins<\/h2>\n  <p>\n    Chaque application est d\u00e9velopp\u00e9e \u00e0 partir d\u2019un <span>cahier des charges fourni par le client<\/span>, garantissant une r\u00e9ponse pr\u00e9cise \u00e0 vos enjeux op\u00e9rationnels.\n  <\/p>\n  <p>\n    Pour soumettre un cahier des charges ou obtenir plus d\u2019information, \u00e9crivez-nous via notre <a href=\"https:\/\/cartocool.com\/index.php\/contact\/\" id=\"cartoform\">formulaire de contact<\/a> ou \u00e0 l\u2019adresse <a href=\"mailto:contact@cartocool.com\">contact@cartocool.com<\/a>.\n  <\/p>\n  \n  <h2>Une architecture web, accessible et performante<\/h2>\n  \n  <div style=\"display: flex; flex-wrap: wrap; gap: 20px; align-items: flex-start;\">\n    <!-- Colonne gauche : Texte -->\n    <div style=\"flex: 1 1 55%;\">\n        <p>\n            Nos applications reposent sur une <span>architecture web s\u00e9curis\u00e9e<\/span>, ce qui permet :\n        <\/p>\n      <ul>\n        <li>Une <span>prise en main rapide<\/span>, sans besoin de logiciels sp\u00e9cialis\u00e9s en g\u00e9omatique ;<\/li>\n        <li>Une <span>r\u00e9duction des co\u00fbts<\/span> li\u00e9s \u00e0 l\u2019acquisition de mat\u00e9riel ou de serveurs puissants ;<\/li>\n        <li>Un <span>acc\u00e8s multi-sites<\/span>, utilisable depuis n\u2019importe quel appareil connect\u00e9, partout dans le monde.<\/li>\n      <\/ul>\n      <p>\n        Conscients des r\u00e9alit\u00e9s terrain, nous concevons \u00e9galement nos solutions pour qu\u2019elles restent <span>fonctionnelles dans des environnements \u00e0 connectivit\u00e9 variable<\/span>.\n      <\/p>\n      <h2>Une base de donn\u00e9es int\u00e9gr\u00e9e \u00e0 des fonctionnalit\u00e9s g\u00e9ospatiales avanc\u00e9es<\/h2>\n        <p>\n            Nos applications int\u00e8grent une <span>base de donn\u00e9es personnalis\u00e9e<\/span> enrichie par une <span>gamme \u00e9tendue de fonctionnalit\u00e9s g\u00e9ospatiales<\/span>. Cela permet de :\n        <\/p>\n        <ul>\n            <li><span>Valoriser vos donn\u00e9es m\u00e9tier<\/span> en les croisant avec des donn\u00e9es spatiales, ce qui leur donne une valeur strat\u00e9gique accrue ;<\/li>\n            <li><span>Visualiser et saisir des donn\u00e9es directement sur la carte<\/span> (ex. : pointer un lieu, dessiner une zone, etc.) sans passer par des formulaires complexes.<\/li>\n        <\/ul>\n    <\/div>\n    \n    <!-- Colonne droite : GIF -->\n    <div style=\"flex: 1 1 40%; text-align: center;\">\n      <img decoding=\"async\" src=\"http:\/\/cartocool.com\/wp-content\/uploads\/2025\/05\/Final_-Cartoapp_petit.gif\" alt=\"Architecture Web - CartoCool\" style=\"max-width: 100%; height: auto;\" \/>\n    <\/div>\n  <\/div>\n  \n  <\/p>    \n  \n  <h4>Parmi les fonctionnalit\u00e9s g\u00e9ospatiales disponibles figurent notamment :<\/h4>\n  <ul>\n    <li>La saisie cartographique interactive ;<\/li>\n    <li>Le calcul de distances \u00e0 vol d\u2019oiseau ;<\/li>\n    <li>La g\u00e9n\u00e9ration d\u2019itin\u00e9raires optimis\u00e9s ;<\/li>\n    <li>La d\u00e9limitation de zones d\u2019int\u00e9r\u00eat ;<\/li>\n    <li>L\u2019auto-g\u00e9olocalisation des utilisateurs (via t\u00e9l\u00e9phone mobile ou ordinateur).<\/li>\n  <\/ul>\n  \n  <p>\n    D\u2019autres fonctionnalit\u00e9s peuvent \u00eatre int\u00e9gr\u00e9es selon vos besoins, et chacune peut \u00eatre <span>ajust\u00e9e ou d\u00e9velopp\u00e9e sur mesure<\/span> pour r\u00e9pondre \u00e0 vos exigences sp\u00e9cifiques.\n  <\/p>\n<\/body>\n<\/html><p><\/p>","protected":false},"excerpt":{"rendered":"<p>Document Chez CartoCool, nous d\u00e9veloppons des applications cartographiques web con\u00e7ues pour soutenir la gestion op\u00e9rationnelle g\u00e9ospatiale dans des contextes aussi vari\u00e9s que la planification strat\u00e9gique, la gestion des risques, l\u2019optimisation des cha\u00eenes logistiques, la coordination d\u2019\u00e9quipes mobiles, le pilotage d\u2019op\u00e9rations sur le terrain \u00e0 forte composante tactique, et bien d\u2019autres encore. D\u00e9couvrez notre d\u00e9mo vid\u00e9o [&hellip;]<\/p>\n","protected":false},"author":1,"featured_media":0,"parent":0,"menu_order":0,"comment_status":"closed","ping_status":"closed","template":"","meta":{"_regular_price":[],"currency_symbol":[],"footnotes":""},"class_list":["post-796","page","type-page","status-publish","hentry"],"post_slider_layout_featured_media_urls":{"thumbnail":"","post_slider_layout_landscape_large":"","post_slider_layout_portrait_large":"","post_slider_layout_square_large":"","post_slider_layout_landscape":"","post_slider_layout_portrait":"","post_slider_layout_square":"","full":""},"jetpack_sharing_enabled":true,"_links":{"self":[{"href":"https:\/\/cartocool.com\/index.php\/wp-json\/wp\/v2\/pages\/796","targetHints":{"allow":["GET"]}}],"collection":[{"href":"https:\/\/cartocool.com\/index.php\/wp-json\/wp\/v2\/pages"}],"about":[{"href":"https:\/\/cartocool.com\/index.php\/wp-json\/wp\/v2\/types\/page"}],"author":[{"embeddable":true,"href":"https:\/\/cartocool.com\/index.php\/wp-json\/wp\/v2\/users\/1"}],"replies":[{"embeddable":true,"href":"https:\/\/cartocool.com\/index.php\/wp-json\/wp\/v2\/comments?post=796"}],"version-history":[{"count":24,"href":"https:\/\/cartocool.com\/index.php\/wp-json\/wp\/v2\/pages\/796\/revisions"}],"predecessor-version":[{"id":834,"href":"https:\/\/cartocool.com\/index.php\/wp-json\/wp\/v2\/pages\/796\/revisions\/834"}],"wp:attachment":[{"href":"https:\/\/cartocool.com\/index.php\/wp-json\/wp\/v2\/media?parent=796"}],"curies":[{"name":"wp","href":"https:\/\/api.w.org\/{rel}","templated":true}]}}