{"id":574,"date":"2025-04-18T17:07:35","date_gmt":"2025-04-18T15:07:35","guid":{"rendered":"https:\/\/cartocool.com\/?page_id=574"},"modified":"2025-04-24T01:05:30","modified_gmt":"2025-04-23T23:05:30","slug":"produits","status":"publish","type":"page","link":"https:\/\/cartocool.com\/index.php\/produits\/","title":{"rendered":"Produits"},"content":{"rendered":"<div class=\"woocommerce columns-4 \"><ul class=\"products columns-4\">\n<li class=\"product type-product post-609 status-publish first instock product_cat-cartes has-post-thumbnail downloadable virtual taxable purchasable product-type-simple\">\n\t<a href=\"https:\/\/cartocool.com\/index.php\/product\/rd-congo-carte-physique-et-administrative-a0\/\" class=\"woocommerce-LoopProduct-link woocommerce-loop-product__link\"><img loading=\"lazy\" decoding=\"async\" width=\"300\" height=\"300\" src=\"https:\/\/cartocool.com\/wp-content\/uploads\/2025\/04\/carte_vignete_rdc-300x300.jpg\" class=\"attachment-woocommerce_thumbnail size-woocommerce_thumbnail\" alt=\"RD Congo : carte physique et administrative - A0\" srcset=\"https:\/\/cartocool.com\/wp-content\/uploads\/2025\/04\/carte_vignete_rdc-300x300.jpg 300w, https:\/\/cartocool.com\/wp-content\/uploads\/2025\/04\/carte_vignete_rdc-100x100.jpg 100w, https:\/\/cartocool.com\/wp-content\/uploads\/2025\/04\/carte_vignete_rdc-150x150.jpg 150w, https:\/\/cartocool.com\/wp-content\/uploads\/2025\/04\/carte_vignete_rdc-600x600.jpg 600w\" sizes=\"auto, (max-width: 300px) 100vw, 300px\" \/><h2 class=\"woocommerce-loop-product__title\">RD Congo : carte physique et administrative &#8211; A0<\/h2>\n\t<span class=\"price\"><span class=\"woocs_price_code\" data-currency=\"\" data-redraw-id=\"69e37316eed58\"  data-product-id=\"609\"><span class=\"woocommerce-Price-amount amount\"><bdi>21.00&nbsp;<span class=\"woocommerce-Price-currencySymbol\">$US<\/span><\/bdi><\/span><\/span><\/span>\n<\/a><a href=\"?add-to-cart=609\" aria-describedby=\"woocommerce_loop_add_to_cart_link_describedby_609\" data-quantity=\"1\" class=\"button product_type_simple add_to_cart_button ajax_add_to_cart\" data-product_id=\"609\" data-product_sku=\"RDC-A0-1\" aria-label=\"Ajouter au panier\u00a0: &ldquo;RD Congo : carte physique et administrative - A0&rdquo;\" rel=\"nofollow\" data-success_message=\"\u00ab\u00a0RD Congo : carte physique et administrative - A0\u00a0\u00bb a \u00e9t\u00e9 ajout\u00e9 \u00e0 votre panier\" data-product_name=\"RD Congo : carte physique et administrative - A0\" data-price=\"21\">Ajouter au panier<\/a>\t<span id=\"woocommerce_loop_add_to_cart_link_describedby_609\" class=\"screen-reader-text\">\n\t\t\t<\/span>\n<button class=\"woosq-btn woosq-btn-609\" data-id=\"609\" data-effect=\"mfp-3d-unfold\" data-context=\"default\">Quick view<\/button><\/li>\n<li class=\"product type-product post-608 status-publish instock product_cat-cartes has-post-thumbnail downloadable virtual taxable purchasable product-type-simple\">\n\t<a href=\"https:\/\/cartocool.com\/index.php\/product\/rd-congo-carte-physique-et-administrative-a2\/\" class=\"woocommerce-LoopProduct-link woocommerce-loop-product__link\"><img loading=\"lazy\" decoding=\"async\" width=\"300\" height=\"300\" src=\"https:\/\/cartocool.com\/wp-content\/uploads\/2025\/04\/carte_vignete_rdc-300x300.jpg\" class=\"attachment-woocommerce_thumbnail size-woocommerce_thumbnail\" alt=\"RD Congo : carte physique et administrative - A2\" srcset=\"https:\/\/cartocool.com\/wp-content\/uploads\/2025\/04\/carte_vignete_rdc-300x300.jpg 300w, https:\/\/cartocool.com\/wp-content\/uploads\/2025\/04\/carte_vignete_rdc-100x100.jpg 100w, https:\/\/cartocool.com\/wp-content\/uploads\/2025\/04\/carte_vignete_rdc-150x150.jpg 150w, https:\/\/cartocool.com\/wp-content\/uploads\/2025\/04\/carte_vignete_rdc-600x600.jpg 600w\" sizes=\"auto, (max-width: 300px) 100vw, 300px\" \/><h2 class=\"woocommerce-loop-product__title\">RD Congo : carte physique et administrative &#8211; A2<\/h2>\n\t<span class=\"price\"><span class=\"woocs_price_code\" data-currency=\"\" data-redraw-id=\"69e37316f04f3\"  data-product-id=\"608\"><span class=\"woocommerce-Price-amount amount\"><bdi>15.00&nbsp;<span class=\"woocommerce-Price-currencySymbol\">$US<\/span><\/bdi><\/span><\/span><\/span>\n<\/a><a href=\"?add-to-cart=608\" aria-describedby=\"woocommerce_loop_add_to_cart_link_describedby_608\" data-quantity=\"1\" class=\"button product_type_simple add_to_cart_button ajax_add_to_cart\" data-product_id=\"608\" data-product_sku=\"RDC-A2-1\" aria-label=\"Ajouter au panier\u00a0: &ldquo;RD Congo : carte physique et administrative - A2&rdquo;\" rel=\"nofollow\" data-success_message=\"\u00ab\u00a0RD Congo : carte physique et administrative - A2\u00a0\u00bb a \u00e9t\u00e9 ajout\u00e9 \u00e0 votre panier\" data-product_name=\"RD Congo : carte physique et administrative - A2\" data-price=\"15\">Ajouter au panier<\/a>\t<span id=\"woocommerce_loop_add_to_cart_link_describedby_608\" class=\"screen-reader-text\">\n\t\t\t<\/span>\n<button class=\"woosq-btn woosq-btn-608\" data-id=\"608\" data-effect=\"mfp-3d-unfold\" data-context=\"default\">Quick view<\/button><\/li>\n<li class=\"product type-product post-607 status-publish instock product_cat-cartes has-post-thumbnail downloadable virtual taxable purchasable product-type-simple\">\n\t<a href=\"https:\/\/cartocool.com\/index.php\/product\/rd-congo-carte-physique-et-administrative-a3\/\" class=\"woocommerce-LoopProduct-link woocommerce-loop-product__link\"><img loading=\"lazy\" decoding=\"async\" width=\"300\" height=\"300\" src=\"https:\/\/cartocool.com\/wp-content\/uploads\/2025\/04\/carte_vignete_rdc-300x300.jpg\" class=\"attachment-woocommerce_thumbnail size-woocommerce_thumbnail\" alt=\"RD Congo : carte physique et administrative - A3\" srcset=\"https:\/\/cartocool.com\/wp-content\/uploads\/2025\/04\/carte_vignete_rdc-300x300.jpg 300w, https:\/\/cartocool.com\/wp-content\/uploads\/2025\/04\/carte_vignete_rdc-100x100.jpg 100w, https:\/\/cartocool.com\/wp-content\/uploads\/2025\/04\/carte_vignete_rdc-150x150.jpg 150w, https:\/\/cartocool.com\/wp-content\/uploads\/2025\/04\/carte_vignete_rdc-600x600.jpg 600w\" sizes=\"auto, (max-width: 300px) 100vw, 300px\" \/><h2 class=\"woocommerce-loop-product__title\">RD Congo : carte physique et administrative &#8211; A3<\/h2>\n\t<span class=\"price\"><span class=\"woocs_price_code\" data-currency=\"\" data-redraw-id=\"69e37316f1010\"  data-product-id=\"607\"><span class=\"woocommerce-Price-amount amount\"><bdi>10.00&nbsp;<span class=\"woocommerce-Price-currencySymbol\">$US<\/span><\/bdi><\/span><\/span><\/span>\n<\/a><a href=\"?add-to-cart=607\" aria-describedby=\"woocommerce_loop_add_to_cart_link_describedby_607\" data-quantity=\"1\" class=\"button product_type_simple add_to_cart_button ajax_add_to_cart\" data-product_id=\"607\" data-product_sku=\"RDC-A3-1\" aria-label=\"Ajouter au panier\u00a0: &ldquo;RD Congo : carte physique et administrative - A3&rdquo;\" rel=\"nofollow\" data-success_message=\"\u00ab\u00a0RD Congo : carte physique et administrative - A3\u00a0\u00bb a \u00e9t\u00e9 ajout\u00e9 \u00e0 votre panier\" data-product_name=\"RD Congo : carte physique et administrative - A3\" data-price=\"10\">Ajouter au panier<\/a>\t<span id=\"woocommerce_loop_add_to_cart_link_describedby_607\" class=\"screen-reader-text\">\n\t\t\t<\/span>\n<button class=\"woosq-btn woosq-btn-607\" data-id=\"607\" data-effect=\"mfp-3d-unfold\" data-context=\"default\">Quick view<\/button><\/li>\n<li class=\"product type-product post-507 status-publish last instock product_cat-cartes has-post-thumbnail downloadable virtual sold-individually taxable purchasable product-type-simple\">\n\t<a href=\"https:\/\/cartocool.com\/index.php\/product\/rd-congo-carte-physique-et-administrative-a3-gratuit\/\" class=\"woocommerce-LoopProduct-link woocommerce-loop-product__link\"><img loading=\"lazy\" decoding=\"async\" width=\"300\" height=\"300\" src=\"https:\/\/cartocool.com\/wp-content\/uploads\/2025\/04\/carte_vignete_rdc-300x300.jpg\" class=\"attachment-woocommerce_thumbnail size-woocommerce_thumbnail\" alt=\"RD Congo : carte physique et administrative - A3 Gratuit !\" srcset=\"https:\/\/cartocool.com\/wp-content\/uploads\/2025\/04\/carte_vignete_rdc-300x300.jpg 300w, https:\/\/cartocool.com\/wp-content\/uploads\/2025\/04\/carte_vignete_rdc-100x100.jpg 100w, https:\/\/cartocool.com\/wp-content\/uploads\/2025\/04\/carte_vignete_rdc-150x150.jpg 150w, https:\/\/cartocool.com\/wp-content\/uploads\/2025\/04\/carte_vignete_rdc-600x600.jpg 600w\" sizes=\"auto, (max-width: 300px) 100vw, 300px\" \/><h2 class=\"woocommerce-loop-product__title\">RD Congo : carte physique et administrative &#8211; A3 Gratuit !<\/h2>\n\t<span class=\"price\"><span class=\"woocs_price_code\" data-currency=\"\" data-redraw-id=\"69e37316f1a5f\"  data-product-id=\"507\"><span class=\"woocommerce-Price-amount amount\"><bdi>0.00&nbsp;<span class=\"woocommerce-Price-currencySymbol\">$US<\/span><\/bdi><\/span><\/span><\/span>\n<\/a><a href=\"?add-to-cart=507\" aria-describedby=\"woocommerce_loop_add_to_cart_link_describedby_507\" data-quantity=\"1\" class=\"button product_type_simple add_to_cart_button ajax_add_to_cart\" data-product_id=\"507\" data-product_sku=\"RDC-A3-0\" aria-label=\"Ajouter au panier\u00a0: &ldquo;RD Congo : carte physique et administrative - A3 Gratuit !&rdquo;\" rel=\"nofollow\" data-success_message=\"\u00ab\u00a0RD Congo : carte physique et administrative - A3 Gratuit !\u00a0\u00bb a \u00e9t\u00e9 ajout\u00e9 \u00e0 votre panier\" data-product_name=\"RD Congo : carte physique et administrative - A3 Gratuit !\" data-price=\"0\">Ajouter au panier<\/a>\t<span id=\"woocommerce_loop_add_to_cart_link_describedby_507\" class=\"screen-reader-text\">\n\t\t\t<\/span>\n<button class=\"woosq-btn woosq-btn-507\" data-id=\"507\" data-effect=\"mfp-3d-unfold\" data-context=\"default\">Quick view<\/button><\/li>\n<\/ul>\n<\/div><p><\/p>","protected":false},"excerpt":{"rendered":"","protected":false},"author":1,"featured_media":0,"parent":0,"menu_order":0,"comment_status":"closed","ping_status":"closed","template":"","meta":{"_regular_price":[],"currency_symbol":[],"footnotes":""},"class_list":["post-574","page","type-page","status-publish","hentry"],"post_slider_layout_featured_media_urls":{"thumbnail":"","post_slider_layout_landscape_large":"","post_slider_layout_portrait_large":"","post_slider_layout_square_large":"","post_slider_layout_landscape":"","post_slider_layout_portrait":"","post_slider_layout_square":"","full":""},"jetpack_sharing_enabled":true,"_links":{"self":[{"href":"https:\/\/cartocool.com\/index.php\/wp-json\/wp\/v2\/pages\/574","targetHints":{"allow":["GET"]}}],"collection":[{"href":"https:\/\/cartocool.com\/index.php\/wp-json\/wp\/v2\/pages"}],"about":[{"href":"https:\/\/cartocool.com\/index.php\/wp-json\/wp\/v2\/types\/page"}],"author":[{"embeddable":true,"href":"https:\/\/cartocool.com\/index.php\/wp-json\/wp\/v2\/users\/1"}],"replies":[{"embeddable":true,"href":"https:\/\/cartocool.com\/index.php\/wp-json\/wp\/v2\/comments?post=574"}],"version-history":[{"count":2,"href":"https:\/\/cartocool.com\/index.php\/wp-json\/wp\/v2\/pages\/574\/revisions"}],"predecessor-version":[{"id":708,"href":"https:\/\/cartocool.com\/index.php\/wp-json\/wp\/v2\/pages\/574\/revisions\/708"}],"wp:attachment":[{"href":"https:\/\/cartocool.com\/index.php\/wp-json\/wp\/v2\/media?parent=574"}],"curies":[{"name":"wp","href":"https:\/\/api.w.org\/{rel}","templated":true}]}}