{"id":35,"date":"2025-04-02T16:39:14","date_gmt":"2025-04-02T14:39:14","guid":{"rendered":"https:\/\/cartocool.com\/index.php\/about\/"},"modified":"2025-05-31T21:43:01","modified_gmt":"2025-06-01T01:43:01","slug":"about","status":"publish","type":"page","link":"https:\/\/cartocool.com\/index.php\/about\/","title":{"rendered":"A propos"},"content":{"rendered":"<p><\/p><p><strong>Bienvenue chez Cartocool !<\/strong><\/p><p>Cartocool est sp\u00e9cialis\u00e9 dans la cr\u00e9ation de cartes sur mesure et le d\u00e9veloppement d&rsquo;applications cartographiques en ligne. Fond\u00e9 par un consultant ind\u00e9pendant passionn\u00e9 de g\u00e9omatique, Cartocool met l&rsquo;intelligence spatiale au service de vos projets.<\/p><p><strong>Ce que nous faisons :<\/strong><\/p><ul class=\"wp-block-list\"><li><strong>Cr\u00e9ation de cartes<\/strong><br>Nous r\u00e9alisons des cartes de haute qualit\u00e9 dans diff\u00e9rents formats (A3, A2, A0 et plus), adapt\u00e9es \u00e0 vos besoins sp\u00e9cifiques. Que ce soit pour un rapport, une publication, une pr\u00e9sentation ou un affichage, nous concevons des cartes esth\u00e9tiques, pr\u00e9cises et claires.<\/li>\n\n<li><strong>Cartographie sur demande (Cartes \u00e0 la carte)<\/strong><br>Vous avez une id\u00e9e sp\u00e9cifique ? Nous cr\u00e9ons des cartes enti\u00e8rement personnalis\u00e9es selon vos instructions, pour r\u00e9pondre exactement \u00e0 vos attentes.<\/li><\/ul><ul class=\"wp-block-list\"><li><strong>D\u00e9veloppement d&rsquo;applications cartographiques en ligne<\/strong><br>Nous concevons des applications web innovantes pour :<\/li><\/ul><p><\/p><p>Notre mission est de rendre les donn\u00e9es g\u00e9ographiques accessibles, compr\u00e9hensibles et exploitables pour tous. Que vous soyez une collectivit\u00e9, une entreprise, une ONG ou un particulier, nous vous accompagnons dans vos projets cartographiques avec s\u00e9rieux, cr\u00e9ativit\u00e9 et expertise.<\/p><hr><p><strong>Envie d\u2019en savoir plus ou de collaborer avec nous ?<\/strong><br>\ud83d\udc49 Contactez-nous d\u00e8s aujourd&rsquo;hui !<\/p><p><\/p>","protected":false},"excerpt":{"rendered":"<p>Bienvenue chez Cartocool ! Cartocool est sp\u00e9cialis\u00e9 dans la cr\u00e9ation de cartes sur mesure et le d\u00e9veloppement d&rsquo;applications cartographiques en ligne. Fond\u00e9 par un consultant ind\u00e9pendant passionn\u00e9 de g\u00e9omatique, Cartocool met l&rsquo;intelligence spatiale au service de vos projets. Ce que nous faisons : Notre mission est de rendre les donn\u00e9es g\u00e9ographiques accessibles, compr\u00e9hensibles et exploitables [&hellip;]<\/p>\n","protected":false},"author":1,"featured_media":0,"parent":0,"menu_order":0,"comment_status":"closed","ping_status":"closed","template":"","meta":{"_regular_price":[],"currency_symbol":[],"footnotes":""},"class_list":["post-35","page","type-page","status-publish","hentry"],"post_slider_layout_featured_media_urls":{"thumbnail":"","post_slider_layout_landscape_large":"","post_slider_layout_portrait_large":"","post_slider_layout_square_large":"","post_slider_layout_landscape":"","post_slider_layout_portrait":"","post_slider_layout_square":"","full":""},"jetpack_sharing_enabled":true,"_links":{"self":[{"href":"https:\/\/cartocool.com\/index.php\/wp-json\/wp\/v2\/pages\/35","targetHints":{"allow":["GET"]}}],"collection":[{"href":"https:\/\/cartocool.com\/index.php\/wp-json\/wp\/v2\/pages"}],"about":[{"href":"https:\/\/cartocool.com\/index.php\/wp-json\/wp\/v2\/types\/page"}],"author":[{"embeddable":true,"href":"https:\/\/cartocool.com\/index.php\/wp-json\/wp\/v2\/users\/1"}],"replies":[{"embeddable":true,"href":"https:\/\/cartocool.com\/index.php\/wp-json\/wp\/v2\/comments?post=35"}],"version-history":[{"count":5,"href":"https:\/\/cartocool.com\/index.php\/wp-json\/wp\/v2\/pages\/35\/revisions"}],"predecessor-version":[{"id":823,"href":"https:\/\/cartocool.com\/index.php\/wp-json\/wp\/v2\/pages\/35\/revisions\/823"}],"wp:attachment":[{"href":"https:\/\/cartocool.com\/index.php\/wp-json\/wp\/v2\/media?parent=35"}],"curies":[{"name":"wp","href":"https:\/\/api.w.org\/{rel}","templated":true}]}}